{"id":19,"date":"2024-01-02T15:44:05","date_gmt":"2024-01-02T15:44:05","guid":{"rendered":"http:\/\/medicalmysteries.test\/?page_id=19"},"modified":"2024-04-25T12:07:12","modified_gmt":"2024-04-25T12:07:12","slug":"etusivu","status":"publish","type":"page","link":"https:\/\/medicalmysteriesgame.com\/fi\/","title":{"rendered":"Etusivu"},"content":{"rendered":"\n<section class=\"block block-hero has-light-bg\">\n    <div class=\"container\">\n\n        <div class=\"content\">\n            <img decoding=\"async\" src=\"https:\/\/medicalmysteriesgame.com\/fi\/wp-content\/uploads\/sites\/11\/2024\/04\/MM_FI_banneri_1024x376.jpg\">\n        <\/div>\n\n    <\/div>\n<\/section>\n\n\n    <div class=\"container wp-block-columns\">\n                \n                <div class=\"block column wp-block-column column-text background-blue\">\n\n                                            <h2>Selviytyv\u00e4tk\u00f6 potilaasi y\u00f6n yli?<\/h2>\n                    \n                                            <h3>Yhteistoiminnallinen sairaalapeli<\/h3>\n                    \n                                            <p><p>Olette ryhm\u00e4 l\u00e4\u00e4ketieteen ammattilaisia ja teid\u00e4n pit\u00e4\u00e4 tutkia, diagnosoida ja hoitaa nelj\u00e4n potilaanne mystisi\u00e4 oireita. K\u00e4ytt\u00e4k\u00e4\u00e4 aikanne viisaasti ja pelastakaa potilaat ennen kuin on liian my\u00f6h\u00e4ist\u00e4!<\/p>\n<\/p>\n                    \n                                            <a class=\"button\" href=\"tietoa-pelista\">Lue lis\u00e4\u00e4                            <svg width=\"15\" height=\"13\" viewBox=\"0 0 15 13\" fill=\"none\" xmlns=\"http:\/\/www.w3.org\/2000\/svg\">\n                                <path d=\"M7.47656 0.498901C7.73438 0.498901 7.96875 0.686401 8.03906 0.920776L9.89062 8.04578L10.5234 6.70984C10.7344 6.24109 11.2031 5.9364 11.7188 5.9364H14.4375C14.7422 5.9364 15 6.19421 15 6.4989C15 6.82703 14.7422 7.0614 14.4375 7.0614H11.7188C11.6484 7.0614 11.5781 7.10828 11.5547 7.17859L10.2422 9.94421C10.1484 10.1552 9.91406 10.2723 9.67969 10.2489C9.44531 10.2255 9.25781 10.0614 9.1875 9.85046L7.54688 3.54578L5.78906 12.0536C5.74219 12.3114 5.50781 12.4989 5.25 12.4989C4.99219 12.5223 4.75781 12.3583 4.6875 12.1005L3.35156 7.20203C3.32812 7.13171 3.25781 7.0614 3.16406 7.0614H0.5625C0.234375 7.0614 0 6.82703 0 6.4989C0 6.19421 0.234375 5.9364 0.5625 5.9364H3.16406C3.75 5.9364 4.26562 6.33484 4.42969 6.92078L5.15625 9.54578L6.9375 0.967651C6.98438 0.709839 7.21875 0.522339 7.47656 0.498901Z\" fill=\"#FFFFFF\"\/>\n                            <\/svg>\n                        <\/a>\n                    \n                <\/div>\n\n            \n                <div class=\"block column wp-block-column column-image_background column-image_background_2\">\n\n                                            <a class=\"image-link\" href=\"pelit\" style=\"background-image: url('https:\/\/medicalmysteriesgame.com\/fi\/wp-content\/uploads\/sites\/11\/2024\/04\/MM_FI_banneri_456x303-1.jpg'); background-color: \">\n\n                                                            <span class=\"button\">Pelit<\/span>\n                            \n                        <\/a>\n\n\t\t\t\t\t\t                                    <\/div>\n\n             <\/div> \n\n\n\n    <div class=\"container wp-block-columns\">\n                \n                <div class=\"block column wp-block-column column-image_background column-image_background_1\">\n\n                                            <div class=\"embed-container\"><iframe loading=\"lazy\" title=\"Medical Mysteries\" width=\"640\" height=\"360\" src=\"https:\/\/www.youtube.com\/embed\/0qEMneNGeh0?feature=oembed\" frameborder=\"0\" allow=\"accelerometer; autoplay; clipboard-write; encrypted-media; gyroscope; picture-in-picture; web-share\" referrerpolicy=\"strict-origin-when-cross-origin\" allowfullscreen><\/iframe><\/div>\n                                    <\/div>\n\n             <\/div> \n\n","protected":false},"excerpt":{"rendered":"","protected":false},"author":1,"featured_media":0,"parent":0,"menu_order":0,"comment_status":"closed","ping_status":"closed","template":"","meta":{"_acf_changed":false,"footnotes":""},"class_list":["post-19","page","type-page","status-publish","hentry"],"acf":[],"yoast_head":"<!-- This site is optimized with the Yoast SEO plugin v22.5 - https:\/\/yoast.com\/wordpress\/plugins\/seo\/ -->\n<title>Etusivu - Medical Mysteries - FI<\/title>\n<meta name=\"description\" content=\"Medical Mysteries on j\u00e4nnitt\u00e4v\u00e4 yhteistoiminnallinen sairaalapeli, jossa pelaajat tutkivat, diagnosoivat ja hoitavat potilaita.\" \/>\n<meta name=\"robots\" content=\"index, follow, max-snippet:-1, max-image-preview:large, max-video-preview:-1\" \/>\n<link rel=\"canonical\" href=\"https:\/\/medicalmysteriesgame.com\/fi\/\" \/>\n<meta property=\"og:locale\" content=\"en_US\" \/>\n<meta property=\"og:type\" content=\"article\" \/>\n<meta property=\"og:title\" content=\"Etusivu - Medical Mysteries - FI\" \/>\n<meta property=\"og:description\" content=\"Medical Mysteries on j\u00e4nnitt\u00e4v\u00e4 yhteistoiminnallinen sairaalapeli, jossa pelaajat tutkivat, diagnosoivat ja hoitavat potilaita.\" \/>\n<meta property=\"og:url\" content=\"https:\/\/medicalmysteriesgame.com\/fi\/\" \/>\n<meta property=\"og:site_name\" content=\"Medical Mysteries - FI\" \/>\n<meta property=\"article:modified_time\" content=\"2024-04-25T12:07:12+00:00\" \/>\n<meta name=\"twitter:card\" content=\"summary_large_image\" \/>\n<meta name=\"twitter:label1\" content=\"Est. reading time\" \/>\n\t<meta name=\"twitter:data1\" content=\"1 minute\" \/>\n<script type=\"application\/ld+json\" class=\"yoast-schema-graph\">{\"@context\":\"https:\/\/schema.org\",\"@graph\":[{\"@type\":\"WebPage\",\"@id\":\"https:\/\/medicalmysteriesgame.com\/fi\/\",\"url\":\"https:\/\/medicalmysteriesgame.com\/fi\/\",\"name\":\"Etusivu - Medical Mysteries - FI\",\"isPartOf\":{\"@id\":\"https:\/\/medicalmysteriesgame.com\/fi\/#website\"},\"datePublished\":\"2024-01-02T15:44:05+00:00\",\"dateModified\":\"2024-04-25T12:07:12+00:00\",\"description\":\"Medical Mysteries on j\u00e4nnitt\u00e4v\u00e4 yhteistoiminnallinen sairaalapeli, jossa pelaajat tutkivat, diagnosoivat ja hoitavat potilaita.\",\"breadcrumb\":{\"@id\":\"https:\/\/medicalmysteriesgame.com\/fi\/#breadcrumb\"},\"inLanguage\":\"en-US\",\"potentialAction\":[{\"@type\":\"ReadAction\",\"target\":[\"https:\/\/medicalmysteriesgame.com\/fi\/\"]}]},{\"@type\":\"BreadcrumbList\",\"@id\":\"https:\/\/medicalmysteriesgame.com\/fi\/#breadcrumb\",\"itemListElement\":[{\"@type\":\"ListItem\",\"position\":1,\"name\":\"Home\",\"item\":\"https:\/\/medicalmysteriesgame.com\/fi\/\"},{\"@type\":\"ListItem\",\"position\":2,\"name\":\"Etusivu\"}]},{\"@type\":\"WebSite\",\"@id\":\"https:\/\/medicalmysteriesgame.com\/fi\/#website\",\"url\":\"https:\/\/medicalmysteriesgame.com\/fi\/\",\"name\":\"Medical Mysteries - FI\",\"description\":\"Will your patients survive the night?\",\"potentialAction\":[{\"@type\":\"SearchAction\",\"target\":{\"@type\":\"EntryPoint\",\"urlTemplate\":\"https:\/\/medicalmysteriesgame.com\/fi\/?s={search_term_string}\"},\"query-input\":\"required name=search_term_string\"}],\"inLanguage\":\"en-US\"}]}<\/script>\n<!-- \/ Yoast SEO plugin. -->","yoast_head_json":{"title":"Etusivu - Medical Mysteries - FI","description":"Medical Mysteries on j\u00e4nnitt\u00e4v\u00e4 yhteistoiminnallinen sairaalapeli, jossa pelaajat tutkivat, diagnosoivat ja hoitavat potilaita.","robots":{"index":"index","follow":"follow","max-snippet":"max-snippet:-1","max-image-preview":"max-image-preview:large","max-video-preview":"max-video-preview:-1"},"canonical":"https:\/\/medicalmysteriesgame.com\/fi\/","og_locale":"en_US","og_type":"article","og_title":"Etusivu - Medical Mysteries - FI","og_description":"Medical Mysteries on j\u00e4nnitt\u00e4v\u00e4 yhteistoiminnallinen sairaalapeli, jossa pelaajat tutkivat, diagnosoivat ja hoitavat potilaita.","og_url":"https:\/\/medicalmysteriesgame.com\/fi\/","og_site_name":"Medical Mysteries - FI","article_modified_time":"2024-04-25T12:07:12+00:00","twitter_card":"summary_large_image","twitter_misc":{"Est. reading time":"1 minute"},"schema":{"@context":"https:\/\/schema.org","@graph":[{"@type":"WebPage","@id":"https:\/\/medicalmysteriesgame.com\/fi\/","url":"https:\/\/medicalmysteriesgame.com\/fi\/","name":"Etusivu - Medical Mysteries - FI","isPartOf":{"@id":"https:\/\/medicalmysteriesgame.com\/fi\/#website"},"datePublished":"2024-01-02T15:44:05+00:00","dateModified":"2024-04-25T12:07:12+00:00","description":"Medical Mysteries on j\u00e4nnitt\u00e4v\u00e4 yhteistoiminnallinen sairaalapeli, jossa pelaajat tutkivat, diagnosoivat ja hoitavat potilaita.","breadcrumb":{"@id":"https:\/\/medicalmysteriesgame.com\/fi\/#breadcrumb"},"inLanguage":"en-US","potentialAction":[{"@type":"ReadAction","target":["https:\/\/medicalmysteriesgame.com\/fi\/"]}]},{"@type":"BreadcrumbList","@id":"https:\/\/medicalmysteriesgame.com\/fi\/#breadcrumb","itemListElement":[{"@type":"ListItem","position":1,"name":"Home","item":"https:\/\/medicalmysteriesgame.com\/fi\/"},{"@type":"ListItem","position":2,"name":"Etusivu"}]},{"@type":"WebSite","@id":"https:\/\/medicalmysteriesgame.com\/fi\/#website","url":"https:\/\/medicalmysteriesgame.com\/fi\/","name":"Medical Mysteries - FI","description":"Will your patients survive the night?","potentialAction":[{"@type":"SearchAction","target":{"@type":"EntryPoint","urlTemplate":"https:\/\/medicalmysteriesgame.com\/fi\/?s={search_term_string}"},"query-input":"required name=search_term_string"}],"inLanguage":"en-US"}]}},"_links":{"self":[{"href":"https:\/\/medicalmysteriesgame.com\/fi\/wp-json\/wp\/v2\/pages\/19","targetHints":{"allow":["GET"]}}],"collection":[{"href":"https:\/\/medicalmysteriesgame.com\/fi\/wp-json\/wp\/v2\/pages"}],"about":[{"href":"https:\/\/medicalmysteriesgame.com\/fi\/wp-json\/wp\/v2\/types\/page"}],"author":[{"embeddable":true,"href":"https:\/\/medicalmysteriesgame.com\/fi\/wp-json\/wp\/v2\/users\/1"}],"replies":[{"embeddable":true,"href":"https:\/\/medicalmysteriesgame.com\/fi\/wp-json\/wp\/v2\/comments?post=19"}],"version-history":[{"count":81,"href":"https:\/\/medicalmysteriesgame.com\/fi\/wp-json\/wp\/v2\/pages\/19\/revisions"}],"predecessor-version":[{"id":460,"href":"https:\/\/medicalmysteriesgame.com\/fi\/wp-json\/wp\/v2\/pages\/19\/revisions\/460"}],"wp:attachment":[{"href":"https:\/\/medicalmysteriesgame.com\/fi\/wp-json\/wp\/v2\/media?parent=19"}],"curies":[{"name":"wp","href":"https:\/\/api.w.org\/{rel}","templated":true}]}}