{"id":72,"date":"2024-01-04T15:38:16","date_gmt":"2024-01-04T15:38:16","guid":{"rendered":"http:\/\/medicalmysteries.test\/?page_id=72"},"modified":"2024-04-25T17:07:11","modified_gmt":"2024-04-25T17:07:11","slug":"jalleenmyyjat","status":"publish","type":"page","link":"https:\/\/medicalmysteriesgame.com\/fi\/jalleenmyyjat\/","title":{"rendered":"J\u00e4lleenmyyj\u00e4t"},"content":{"rendered":"\n\n\n\n\n<section class=\"block block-hero has-light-bg\">\n    <div class=\"container\">\n\n        <div class=\"content\">\n            <img decoding=\"async\" src=\"https:\/\/medicalmysteriesgame.com\/fi\/wp-content\/uploads\/sites\/11\/2024\/04\/MM_FI_banneri_1024x376.jpg\">\n        <\/div>\n\n    <\/div>\n<\/section>\n\n\n    <div class=\"container wp-block-columns\">\n                \n                <div class=\"block column wp-block-column column-text background-black\">\n\n                                            <h2>J\u00e4lleenmyyj\u00e4t<\/h2>\n                    \n                                            <h3>Medical Mysteries -pelit Suomessa<\/h3>\n                    \n                                            <p><p>Medical Mysteries -pelej\u00e4 maahantuo ja markkinoi suomessa Toyrock Oy. Pelej\u00e4 on saatavilla marketeista, lelukaupoista, verkkokaupoista ja muista leluja ja pelej\u00e4 myyvist\u00e4 liikkeist\u00e4 kautta maan. Tutustu j\u00e4lleenmyyjiin osoitteessa <a href=\"http:\/\/www.toyrock.fi\" target=\"_blank\" rel=\"noopener\">toyrock.fi<\/a> tai suuntaa osoitteeseen <a href=\"http:\/\/www.lelukirja.fi\" target=\"_blank\" rel=\"noopener\">lelukirja.fi<\/a>.<\/p>\n<p><a href=\"https:\/\/www.lelukirja.fi\/kaikki?s=medical%20mysteries\" target=\"_blank\" rel=\"noopener\">Lasten Suuri Lelukirja<\/a><\/p>\n<p><a href=\"https:\/\/toybox.fi\/products\/medical-mysteries-new-york-akuuttiyksikko\" target=\"_blank\" rel=\"noopener\">Toybox<\/a><\/p>\n<p><a href=\"https:\/\/www.verkkokauppa.com\/fi\/search?query=medical%20mysteries\" target=\"_blank\" rel=\"noopener\">Verkkokauppa.com<\/a><!--more--><\/p>\n<p><a href=\"https:\/\/www.prisma.fi\/haku?search=medical%20mysteries\" target=\"_blank\" rel=\"noopener\">Prisma<\/a><\/p>\n<p><a href=\"https:\/\/www.k-citymarket.fi\/haku?q=medical+mysteries\" target=\"_blank\" rel=\"noopener\">K-Citymarket<\/a><\/p>\n<p><a href=\"https:\/\/www.karkkainen.com\/verkkokauppa\/medical-mysteries-new-york-akuuttiyksikko-peli\" target=\"_blank\" rel=\"noopener\">K\u00e4rkk\u00e4inen<\/a><\/p>\n<p>&nbsp;<\/p>\n<p>&nbsp;<\/p>\n<\/p>\n                    \n                    \n                <\/div>\n\n             <\/div> \n\n    <div class=\"container wp-block-columns\">\n                \n                <div class=\"block column wp-block-column column-image_background column-image_background_1\">\n\n                                            <a class=\"image-link\" href=\"\" style=\"background-image: url('https:\/\/medicalmysteriesgame.com\/fi\/wp-content\/uploads\/sites\/11\/2024\/02\/Ontwerp-zonder-titel-17.png'); background-color: \">\n\n                            \n                        <\/a>\n\n\t\t\t\t\t\t                            <style>\n                                @media only screen and (max-width: 767px) {\n                                    .column-image_background_1 .image-link {\n                                        background-image: url('https:\/\/medicalmysteriesgame.com\/fi\/wp-content\/uploads\/sites\/11\/2024\/02\/Ontwerp-zonder-titel-11-min.png') !important;\n                                    }\n                                }\n                            <\/style>\n                                                            <\/div>\n\n             <\/div> \n\n\n\n","protected":false},"excerpt":{"rendered":"","protected":false},"author":1,"featured_media":0,"parent":0,"menu_order":0,"comment_status":"closed","ping_status":"closed","template":"","meta":{"_acf_changed":false,"footnotes":""},"class_list":["post-72","page","type-page","status-publish","hentry"],"acf":[],"yoast_head":"<!-- This site is optimized with the Yoast SEO plugin v22.5 - https:\/\/yoast.com\/wordpress\/plugins\/seo\/ -->\n<title>J\u00e4lleenmyyj\u00e4t - Medical Mysteries - FI<\/title>\n<meta name=\"robots\" content=\"index, follow, max-snippet:-1, max-image-preview:large, max-video-preview:-1\" \/>\n<link rel=\"canonical\" href=\"https:\/\/medicalmysteriesgame.com\/fi\/jalleenmyyjat\/\" \/>\n<meta property=\"og:locale\" content=\"en_US\" \/>\n<meta property=\"og:type\" content=\"article\" \/>\n<meta property=\"og:title\" content=\"J\u00e4lleenmyyj\u00e4t - Medical Mysteries - FI\" \/>\n<meta property=\"og:url\" content=\"https:\/\/medicalmysteriesgame.com\/fi\/jalleenmyyjat\/\" \/>\n<meta property=\"og:site_name\" content=\"Medical Mysteries - FI\" \/>\n<meta property=\"article:modified_time\" content=\"2024-04-25T17:07:11+00:00\" \/>\n<meta name=\"twitter:card\" content=\"summary_large_image\" \/>\n<meta name=\"twitter:label1\" content=\"Est. reading time\" \/>\n\t<meta name=\"twitter:data1\" content=\"1 minute\" \/>\n<script type=\"application\/ld+json\" class=\"yoast-schema-graph\">{\"@context\":\"https:\/\/schema.org\",\"@graph\":[{\"@type\":\"WebPage\",\"@id\":\"https:\/\/medicalmysteriesgame.com\/fi\/jalleenmyyjat\/\",\"url\":\"https:\/\/medicalmysteriesgame.com\/fi\/jalleenmyyjat\/\",\"name\":\"J\u00e4lleenmyyj\u00e4t - Medical Mysteries - FI\",\"isPartOf\":{\"@id\":\"https:\/\/medicalmysteriesgame.com\/fi\/#website\"},\"datePublished\":\"2024-01-04T15:38:16+00:00\",\"dateModified\":\"2024-04-25T17:07:11+00:00\",\"breadcrumb\":{\"@id\":\"https:\/\/medicalmysteriesgame.com\/fi\/jalleenmyyjat\/#breadcrumb\"},\"inLanguage\":\"en-US\",\"potentialAction\":[{\"@type\":\"ReadAction\",\"target\":[\"https:\/\/medicalmysteriesgame.com\/fi\/jalleenmyyjat\/\"]}]},{\"@type\":\"BreadcrumbList\",\"@id\":\"https:\/\/medicalmysteriesgame.com\/fi\/jalleenmyyjat\/#breadcrumb\",\"itemListElement\":[{\"@type\":\"ListItem\",\"position\":1,\"name\":\"Home\",\"item\":\"https:\/\/medicalmysteriesgame.com\/fi\/\"},{\"@type\":\"ListItem\",\"position\":2,\"name\":\"J\u00e4lleenmyyj\u00e4t\"}]},{\"@type\":\"WebSite\",\"@id\":\"https:\/\/medicalmysteriesgame.com\/fi\/#website\",\"url\":\"https:\/\/medicalmysteriesgame.com\/fi\/\",\"name\":\"Medical Mysteries - FI\",\"description\":\"Will your patients survive the night?\",\"potentialAction\":[{\"@type\":\"SearchAction\",\"target\":{\"@type\":\"EntryPoint\",\"urlTemplate\":\"https:\/\/medicalmysteriesgame.com\/fi\/?s={search_term_string}\"},\"query-input\":\"required name=search_term_string\"}],\"inLanguage\":\"en-US\"}]}<\/script>\n<!-- \/ Yoast SEO plugin. -->","yoast_head_json":{"title":"J\u00e4lleenmyyj\u00e4t - Medical Mysteries - FI","robots":{"index":"index","follow":"follow","max-snippet":"max-snippet:-1","max-image-preview":"max-image-preview:large","max-video-preview":"max-video-preview:-1"},"canonical":"https:\/\/medicalmysteriesgame.com\/fi\/jalleenmyyjat\/","og_locale":"en_US","og_type":"article","og_title":"J\u00e4lleenmyyj\u00e4t - Medical Mysteries - FI","og_url":"https:\/\/medicalmysteriesgame.com\/fi\/jalleenmyyjat\/","og_site_name":"Medical Mysteries - FI","article_modified_time":"2024-04-25T17:07:11+00:00","twitter_card":"summary_large_image","twitter_misc":{"Est. reading time":"1 minute"},"schema":{"@context":"https:\/\/schema.org","@graph":[{"@type":"WebPage","@id":"https:\/\/medicalmysteriesgame.com\/fi\/jalleenmyyjat\/","url":"https:\/\/medicalmysteriesgame.com\/fi\/jalleenmyyjat\/","name":"J\u00e4lleenmyyj\u00e4t - Medical Mysteries - FI","isPartOf":{"@id":"https:\/\/medicalmysteriesgame.com\/fi\/#website"},"datePublished":"2024-01-04T15:38:16+00:00","dateModified":"2024-04-25T17:07:11+00:00","breadcrumb":{"@id":"https:\/\/medicalmysteriesgame.com\/fi\/jalleenmyyjat\/#breadcrumb"},"inLanguage":"en-US","potentialAction":[{"@type":"ReadAction","target":["https:\/\/medicalmysteriesgame.com\/fi\/jalleenmyyjat\/"]}]},{"@type":"BreadcrumbList","@id":"https:\/\/medicalmysteriesgame.com\/fi\/jalleenmyyjat\/#breadcrumb","itemListElement":[{"@type":"ListItem","position":1,"name":"Home","item":"https:\/\/medicalmysteriesgame.com\/fi\/"},{"@type":"ListItem","position":2,"name":"J\u00e4lleenmyyj\u00e4t"}]},{"@type":"WebSite","@id":"https:\/\/medicalmysteriesgame.com\/fi\/#website","url":"https:\/\/medicalmysteriesgame.com\/fi\/","name":"Medical Mysteries - FI","description":"Will your patients survive the night?","potentialAction":[{"@type":"SearchAction","target":{"@type":"EntryPoint","urlTemplate":"https:\/\/medicalmysteriesgame.com\/fi\/?s={search_term_string}"},"query-input":"required name=search_term_string"}],"inLanguage":"en-US"}]}},"_links":{"self":[{"href":"https:\/\/medicalmysteriesgame.com\/fi\/wp-json\/wp\/v2\/pages\/72","targetHints":{"allow":["GET"]}}],"collection":[{"href":"https:\/\/medicalmysteriesgame.com\/fi\/wp-json\/wp\/v2\/pages"}],"about":[{"href":"https:\/\/medicalmysteriesgame.com\/fi\/wp-json\/wp\/v2\/types\/page"}],"author":[{"embeddable":true,"href":"https:\/\/medicalmysteriesgame.com\/fi\/wp-json\/wp\/v2\/users\/1"}],"replies":[{"embeddable":true,"href":"https:\/\/medicalmysteriesgame.com\/fi\/wp-json\/wp\/v2\/comments?post=72"}],"version-history":[{"count":36,"href":"https:\/\/medicalmysteriesgame.com\/fi\/wp-json\/wp\/v2\/pages\/72\/revisions"}],"predecessor-version":[{"id":463,"href":"https:\/\/medicalmysteriesgame.com\/fi\/wp-json\/wp\/v2\/pages\/72\/revisions\/463"}],"wp:attachment":[{"href":"https:\/\/medicalmysteriesgame.com\/fi\/wp-json\/wp\/v2\/media?parent=72"}],"curies":[{"name":"wp","href":"https:\/\/api.w.org\/{rel}","templated":true}]}}