{"id":137,"date":"2024-01-23T09:27:48","date_gmt":"2024-01-23T09:27:48","guid":{"rendered":"http:\/\/medicalmys.brancomdev.nl\/nl\/?page_id=137"},"modified":"2024-11-14T12:12:40","modified_gmt":"2024-11-14T12:12:40","slug":"over-medical-mysteries","status":"publish","type":"page","link":"https:\/\/medicalmysteriesgame.com\/nl\/over-medical-mysteries\/","title":{"rendered":"Over het spel"},"content":{"rendered":"\n<section class=\"block block-hero has-light-bg\">\n    <div class=\"container\">\n\n        <div class=\"content\">\n            <img decoding=\"async\" src=\"https:\/\/medicalmysteriesgame.com\/nl\/wp-content\/uploads\/sites\/4\/2024\/11\/MedicalMysteries_Banner_02.png\">\n        <\/div>\n\n    <\/div>\n<\/section>\n\n\n    <div class=\"container wp-block-columns\">\n                \n                <div class=\"block column wp-block-column column-text background-blue\">\n\n                                            <h2>Over Medical Mysteries<\/h2>\n                    \n                                            <h3>Een Co\u00f6peratief medisch mysteriespel<\/h3>\n                    \n                                            <p><p>Werk samen als een team om mysterieuze medische gevallen te ontrafelen en jullie pati\u00ebnten te helpen de nacht te overleven. De klok tikt, dus zorg dat\u00a0je de juiste beslissingen maakt om de pati\u00ebnt te redden. Elke doos bevat vier verschillende pati\u00ebnten, waarbij je ongeveer 60 minuten per pati\u00ebnt bezig bent om het mysterie op te lossen.<\/p>\n<p>Samenwerken is de sleutel tot succes in dit spannende spel en het leuke is dat je <em><strong>geen<\/strong><\/em> medische kennis nodig hebt om dit spel te spelen! Elk spel bestaat uit drie fases die je hieronder kunt terugvinden:<\/p>\n<\/p>\n                    \n                                            <a class=\"button\" href=\"\/nl\/edities\/\">Bekijk onze edities                            <svg width=\"15\" height=\"13\" viewBox=\"0 0 15 13\" fill=\"none\" xmlns=\"http:\/\/www.w3.org\/2000\/svg\">\n                                <path d=\"M7.47656 0.498901C7.73438 0.498901 7.96875 0.686401 8.03906 0.920776L9.89062 8.04578L10.5234 6.70984C10.7344 6.24109 11.2031 5.9364 11.7188 5.9364H14.4375C14.7422 5.9364 15 6.19421 15 6.4989C15 6.82703 14.7422 7.0614 14.4375 7.0614H11.7188C11.6484 7.0614 11.5781 7.10828 11.5547 7.17859L10.2422 9.94421C10.1484 10.1552 9.91406 10.2723 9.67969 10.2489C9.44531 10.2255 9.25781 10.0614 9.1875 9.85046L7.54688 3.54578L5.78906 12.0536C5.74219 12.3114 5.50781 12.4989 5.25 12.4989C4.99219 12.5223 4.75781 12.3583 4.6875 12.1005L3.35156 7.20203C3.32812 7.13171 3.25781 7.0614 3.16406 7.0614H0.5625C0.234375 7.0614 0 6.82703 0 6.4989C0 6.19421 0.234375 5.9364 0.5625 5.9364H3.16406C3.75 5.9364 4.26562 6.33484 4.42969 6.92078L5.15625 9.54578L6.9375 0.967651C6.98438 0.709839 7.21875 0.522339 7.47656 0.498901Z\" fill=\"#FFFFFF\"\/>\n                            <\/svg>\n                        <\/a>\n                    \n                <\/div>\n\n             <\/div> \n\n\n\n    <div class=\"container wp-block-columns\">\n                \n                <div class=\"block column wp-block-column column-text background-blue\">\n\n                                            <h2>Fase 1: Onderzoek<\/h2>\n                    \n                    \n                                            <p><p>Onderzoek de mysterieuze medische symptomen van jouw pati\u00ebnt en bekijk hun medische geschiedenis om verborgen aanwijzingen te ontdekken.<\/p>\n<p><img loading=\"lazy\" decoding=\"async\" class=\"alignnone size-medium wp-image-268\" src=\"http:\/\/medicalmysteriesgame.com\/nl\/wp-content\/uploads\/sites\/4\/2024\/02\/01_MedicalMysteries_image_onderzoek-300x170.png\" alt=\"\" width=\"300\" height=\"170\" srcset=\"https:\/\/medicalmysteriesgame.com\/nl\/wp-content\/uploads\/sites\/4\/2024\/02\/01_MedicalMysteries_image_onderzoek-300x170.png 300w, https:\/\/medicalmysteriesgame.com\/nl\/wp-content\/uploads\/sites\/4\/2024\/02\/01_MedicalMysteries_image_onderzoek-768x435.png 768w, https:\/\/medicalmysteriesgame.com\/nl\/wp-content\/uploads\/sites\/4\/2024\/02\/01_MedicalMysteries_image_onderzoek.png 986w\" sizes=\"auto, (max-width: 300px) 100vw, 300px\" \/><\/p>\n<\/p>\n                    \n                    \n                <\/div>\n\n            \n                <div class=\"block column wp-block-column column-text background-blue\">\n\n                                            <h2>Fase 2: Diagnose<\/h2>\n                    \n                    \n                                            <p><p>Werk samen om de aandoeningen te diagnosticeren. Volg de aanwijzingen, voer tests uit, raadpleeg specialisten en vertrouw op je instincten.<\/p>\n<p><img loading=\"lazy\" decoding=\"async\" class=\"alignnone size-medium wp-image-271\" src=\"http:\/\/medicalmysteriesgame.com\/nl\/wp-content\/uploads\/sites\/4\/2024\/02\/01_MedicalMysteries_image_diagnosticeer-300x170.png\" alt=\"\" width=\"300\" height=\"170\" srcset=\"https:\/\/medicalmysteriesgame.com\/nl\/wp-content\/uploads\/sites\/4\/2024\/02\/01_MedicalMysteries_image_diagnosticeer-300x170.png 300w, https:\/\/medicalmysteriesgame.com\/nl\/wp-content\/uploads\/sites\/4\/2024\/02\/01_MedicalMysteries_image_diagnosticeer-768x435.png 768w, https:\/\/medicalmysteriesgame.com\/nl\/wp-content\/uploads\/sites\/4\/2024\/02\/01_MedicalMysteries_image_diagnosticeer.png 986w\" sizes=\"auto, (max-width: 300px) 100vw, 300px\" \/><\/p>\n<\/p>\n                    \n                    \n                <\/div>\n\n            \n                <div class=\"block column wp-block-column column-text background-blue\">\n\n                                            <h2>Fase 3: Behandel<\/h2>\n                    \n                    \n                                            <p><p>Maak de juiste behandelkeuzes om je pati\u00ebnten te helpen de nacht door te komen. Werk vervolgens aan het vaststellen van de onderliggende oorzaak.<\/p>\n<p><img loading=\"lazy\" decoding=\"async\" class=\"alignnone size-medium wp-image-274\" src=\"http:\/\/medicalmysteriesgame.com\/nl\/wp-content\/uploads\/sites\/4\/2024\/02\/01_MedicalMysteries_image_behandel-300x170.png\" alt=\"\" width=\"300\" height=\"170\" srcset=\"https:\/\/medicalmysteriesgame.com\/nl\/wp-content\/uploads\/sites\/4\/2024\/02\/01_MedicalMysteries_image_behandel-300x170.png 300w, https:\/\/medicalmysteriesgame.com\/nl\/wp-content\/uploads\/sites\/4\/2024\/02\/01_MedicalMysteries_image_behandel-768x435.png 768w, https:\/\/medicalmysteriesgame.com\/nl\/wp-content\/uploads\/sites\/4\/2024\/02\/01_MedicalMysteries_image_behandel.png 986w\" sizes=\"auto, (max-width: 300px) 100vw, 300px\" \/><\/p>\n<\/p>\n                    \n                    \n                <\/div>\n\n             <\/div> \n\n    <div class=\"container wp-block-columns\">\n                \n                <div class=\"block column wp-block-column column-image_background column-image_background_1\">\n\n                                            <div class=\"embed-container\"><iframe loading=\"lazy\" title=\"Medical Mysteries Commercial (NL)\" width=\"640\" height=\"360\" src=\"https:\/\/www.youtube.com\/embed\/uHvkPey-CF0?feature=oembed\" frameborder=\"0\" allow=\"accelerometer; autoplay; clipboard-write; encrypted-media; gyroscope; picture-in-picture; web-share\" referrerpolicy=\"strict-origin-when-cross-origin\" allowfullscreen><\/iframe><\/div>\n                                    <\/div>\n\n             <\/div> \n\n","protected":false},"excerpt":{"rendered":"","protected":false},"author":2,"featured_media":0,"parent":0,"menu_order":0,"comment_status":"closed","ping_status":"closed","template":"","meta":{"_acf_changed":false,"footnotes":""},"class_list":["post-137","page","type-page","status-publish","hentry"],"acf":[],"yoast_head":"<!-- This site is optimized with the Yoast SEO plugin v22.5 - https:\/\/yoast.com\/wordpress\/plugins\/seo\/ -->\n<title>ontdek alles over het spel - Medical Mysteries<\/title>\n<meta name=\"description\" content=\"Samenwerken is de sleutel tot succes in Medical Mysteries Elk spel bestaat uit drie fases die je op deze pagina kunt vinden.\" \/>\n<meta name=\"robots\" content=\"index, follow, max-snippet:-1, max-image-preview:large, max-video-preview:-1\" \/>\n<link rel=\"canonical\" href=\"https:\/\/medicalmysteriesgame.com\/nl\/over-medical-mysteries\/\" \/>\n<meta property=\"og:locale\" content=\"nl_NL\" \/>\n<meta property=\"og:type\" content=\"article\" \/>\n<meta property=\"og:title\" content=\"ontdek alles over het spel - Medical Mysteries\" \/>\n<meta property=\"og:description\" content=\"Samenwerken is de sleutel tot succes in Medical Mysteries Elk spel bestaat uit drie fases die je op deze pagina kunt vinden.\" \/>\n<meta property=\"og:url\" content=\"https:\/\/medicalmysteriesgame.com\/nl\/over-medical-mysteries\/\" \/>\n<meta property=\"og:site_name\" content=\"Medical Mysteries - Nederland\" \/>\n<meta property=\"article:publisher\" content=\"https:\/\/www.facebook.com\/identitygames\" \/>\n<meta property=\"article:modified_time\" content=\"2024-11-14T12:12:40+00:00\" \/>\n<meta name=\"twitter:card\" content=\"summary_large_image\" \/>\n<meta name=\"twitter:label1\" content=\"Geschatte leestijd\" \/>\n\t<meta name=\"twitter:data1\" content=\"2 minuten\" \/>\n<script type=\"application\/ld+json\" class=\"yoast-schema-graph\">{\"@context\":\"https:\/\/schema.org\",\"@graph\":[{\"@type\":\"WebPage\",\"@id\":\"https:\/\/medicalmysteriesgame.com\/nl\/over-medical-mysteries\/\",\"url\":\"https:\/\/medicalmysteriesgame.com\/nl\/over-medical-mysteries\/\",\"name\":\"ontdek alles over het spel - Medical Mysteries\",\"isPartOf\":{\"@id\":\"https:\/\/medicalmysteriesgame.com\/nl\/#website\"},\"datePublished\":\"2024-01-23T09:27:48+00:00\",\"dateModified\":\"2024-11-14T12:12:40+00:00\",\"description\":\"Samenwerken is de sleutel tot succes in Medical Mysteries Elk spel bestaat uit drie fases die je op deze pagina kunt vinden.\",\"breadcrumb\":{\"@id\":\"https:\/\/medicalmysteriesgame.com\/nl\/over-medical-mysteries\/#breadcrumb\"},\"inLanguage\":\"nl-NL\",\"potentialAction\":[{\"@type\":\"ReadAction\",\"target\":[\"https:\/\/medicalmysteriesgame.com\/nl\/over-medical-mysteries\/\"]}]},{\"@type\":\"BreadcrumbList\",\"@id\":\"https:\/\/medicalmysteriesgame.com\/nl\/over-medical-mysteries\/#breadcrumb\",\"itemListElement\":[{\"@type\":\"ListItem\",\"position\":1,\"name\":\"Home\",\"item\":\"https:\/\/medicalmysteriesgame.com\/nl\/\"},{\"@type\":\"ListItem\",\"position\":2,\"name\":\"Over het spel\"}]},{\"@type\":\"WebSite\",\"@id\":\"https:\/\/medicalmysteriesgame.com\/nl\/#website\",\"url\":\"https:\/\/medicalmysteriesgame.com\/nl\/\",\"name\":\"Medical Mysteries - Nederland\",\"description\":\"OVERLEEFT JOUW PATI\u00cbNT DE NACHT?\",\"publisher\":{\"@id\":\"https:\/\/medicalmysteriesgame.com\/nl\/#organization\"},\"potentialAction\":[{\"@type\":\"SearchAction\",\"target\":{\"@type\":\"EntryPoint\",\"urlTemplate\":\"https:\/\/medicalmysteriesgame.com\/nl\/?s={search_term_string}\"},\"query-input\":\"required name=search_term_string\"}],\"inLanguage\":\"nl-NL\"},{\"@type\":\"Organization\",\"@id\":\"https:\/\/medicalmysteriesgame.com\/nl\/#organization\",\"name\":\"Medical Mysteries - Nederland\",\"url\":\"https:\/\/medicalmysteriesgame.com\/nl\/\",\"logo\":{\"@type\":\"ImageObject\",\"inLanguage\":\"nl-NL\",\"@id\":\"https:\/\/medicalmysteriesgame.com\/nl\/#\/schema\/logo\/image\/\",\"url\":\"https:\/\/medicalmysteriesgame.com\/nl\/wp-content\/uploads\/sites\/4\/2024\/02\/MedicalMysteries_Banner_01-1.png\",\"contentUrl\":\"https:\/\/medicalmysteriesgame.com\/nl\/wp-content\/uploads\/sites\/4\/2024\/02\/MedicalMysteries_Banner_01-1.png\",\"width\":1024,\"height\":376,\"caption\":\"Medical Mysteries - Nederland\"},\"image\":{\"@id\":\"https:\/\/medicalmysteriesgame.com\/nl\/#\/schema\/logo\/image\/\"},\"sameAs\":[\"https:\/\/www.facebook.com\/identitygames\",\"https:\/\/www.instagram.com\/identitygames\"]}]}<\/script>\n<!-- \/ Yoast SEO plugin. -->","yoast_head_json":{"title":"ontdek alles over het spel - Medical Mysteries","description":"Samenwerken is de sleutel tot succes in Medical Mysteries Elk spel bestaat uit drie fases die je op deze pagina kunt vinden.","robots":{"index":"index","follow":"follow","max-snippet":"max-snippet:-1","max-image-preview":"max-image-preview:large","max-video-preview":"max-video-preview:-1"},"canonical":"https:\/\/medicalmysteriesgame.com\/nl\/over-medical-mysteries\/","og_locale":"nl_NL","og_type":"article","og_title":"ontdek alles over het spel - Medical Mysteries","og_description":"Samenwerken is de sleutel tot succes in Medical Mysteries Elk spel bestaat uit drie fases die je op deze pagina kunt vinden.","og_url":"https:\/\/medicalmysteriesgame.com\/nl\/over-medical-mysteries\/","og_site_name":"Medical Mysteries - Nederland","article_publisher":"https:\/\/www.facebook.com\/identitygames","article_modified_time":"2024-11-14T12:12:40+00:00","twitter_card":"summary_large_image","twitter_misc":{"Geschatte leestijd":"2 minuten"},"schema":{"@context":"https:\/\/schema.org","@graph":[{"@type":"WebPage","@id":"https:\/\/medicalmysteriesgame.com\/nl\/over-medical-mysteries\/","url":"https:\/\/medicalmysteriesgame.com\/nl\/over-medical-mysteries\/","name":"ontdek alles over het spel - Medical Mysteries","isPartOf":{"@id":"https:\/\/medicalmysteriesgame.com\/nl\/#website"},"datePublished":"2024-01-23T09:27:48+00:00","dateModified":"2024-11-14T12:12:40+00:00","description":"Samenwerken is de sleutel tot succes in Medical Mysteries Elk spel bestaat uit drie fases die je op deze pagina kunt vinden.","breadcrumb":{"@id":"https:\/\/medicalmysteriesgame.com\/nl\/over-medical-mysteries\/#breadcrumb"},"inLanguage":"nl-NL","potentialAction":[{"@type":"ReadAction","target":["https:\/\/medicalmysteriesgame.com\/nl\/over-medical-mysteries\/"]}]},{"@type":"BreadcrumbList","@id":"https:\/\/medicalmysteriesgame.com\/nl\/over-medical-mysteries\/#breadcrumb","itemListElement":[{"@type":"ListItem","position":1,"name":"Home","item":"https:\/\/medicalmysteriesgame.com\/nl\/"},{"@type":"ListItem","position":2,"name":"Over het spel"}]},{"@type":"WebSite","@id":"https:\/\/medicalmysteriesgame.com\/nl\/#website","url":"https:\/\/medicalmysteriesgame.com\/nl\/","name":"Medical Mysteries - Nederland","description":"OVERLEEFT JOUW PATI\u00cbNT DE NACHT?","publisher":{"@id":"https:\/\/medicalmysteriesgame.com\/nl\/#organization"},"potentialAction":[{"@type":"SearchAction","target":{"@type":"EntryPoint","urlTemplate":"https:\/\/medicalmysteriesgame.com\/nl\/?s={search_term_string}"},"query-input":"required name=search_term_string"}],"inLanguage":"nl-NL"},{"@type":"Organization","@id":"https:\/\/medicalmysteriesgame.com\/nl\/#organization","name":"Medical Mysteries - Nederland","url":"https:\/\/medicalmysteriesgame.com\/nl\/","logo":{"@type":"ImageObject","inLanguage":"nl-NL","@id":"https:\/\/medicalmysteriesgame.com\/nl\/#\/schema\/logo\/image\/","url":"https:\/\/medicalmysteriesgame.com\/nl\/wp-content\/uploads\/sites\/4\/2024\/02\/MedicalMysteries_Banner_01-1.png","contentUrl":"https:\/\/medicalmysteriesgame.com\/nl\/wp-content\/uploads\/sites\/4\/2024\/02\/MedicalMysteries_Banner_01-1.png","width":1024,"height":376,"caption":"Medical Mysteries - Nederland"},"image":{"@id":"https:\/\/medicalmysteriesgame.com\/nl\/#\/schema\/logo\/image\/"},"sameAs":["https:\/\/www.facebook.com\/identitygames","https:\/\/www.instagram.com\/identitygames"]}]}},"_links":{"self":[{"href":"https:\/\/medicalmysteriesgame.com\/nl\/wp-json\/wp\/v2\/pages\/137","targetHints":{"allow":["GET"]}}],"collection":[{"href":"https:\/\/medicalmysteriesgame.com\/nl\/wp-json\/wp\/v2\/pages"}],"about":[{"href":"https:\/\/medicalmysteriesgame.com\/nl\/wp-json\/wp\/v2\/types\/page"}],"author":[{"embeddable":true,"href":"https:\/\/medicalmysteriesgame.com\/nl\/wp-json\/wp\/v2\/users\/2"}],"replies":[{"embeddable":true,"href":"https:\/\/medicalmysteriesgame.com\/nl\/wp-json\/wp\/v2\/comments?post=137"}],"version-history":[{"count":90,"href":"https:\/\/medicalmysteriesgame.com\/nl\/wp-json\/wp\/v2\/pages\/137\/revisions"}],"predecessor-version":[{"id":1524,"href":"https:\/\/medicalmysteriesgame.com\/nl\/wp-json\/wp\/v2\/pages\/137\/revisions\/1524"}],"wp:attachment":[{"href":"https:\/\/medicalmysteriesgame.com\/nl\/wp-json\/wp\/v2\/media?parent=137"}],"curies":[{"name":"wp","href":"https:\/\/api.w.org\/{rel}","templated":true}]}}