{"id":137,"date":"2024-01-23T09:27:48","date_gmt":"2024-01-23T09:27:48","guid":{"rendered":"http:\/\/medicalmys.brancomdev.nl\/us\/?page_id=137"},"modified":"2024-04-25T17:10:47","modified_gmt":"2024-04-25T17:10:47","slug":"om-spelet","status":"publish","type":"page","link":"https:\/\/medicalmysteriesgame.com\/sw\/om-spelet\/","title":{"rendered":"Om spelet"},"content":{"rendered":"\n<section class=\"block block-hero has-light-bg\">\n    <div class=\"container\">\n\n        <div class=\"content\">\n            <img decoding=\"async\" src=\"https:\/\/medicalmysteriesgame.com\/sw\/wp-content\/uploads\/sites\/12\/2024\/04\/MM_SE_banneri_1024x376.jpg\">\n        <\/div>\n\n    <\/div>\n<\/section>\n\n\n    <div class=\"container wp-block-columns\">\n                \n                <div class=\"block column wp-block-column column-text background-blue\">\n\n                                            <h2>Medical Mysteries<\/h2>\n                    \n                                            <h3>Ett samarbetsspel med medicinska mysterier<\/h3>\n                    \n                                            <p><p>V\u00e4lkommen till spelet Medical Mysteries. L\u00f6s mystiska fall inom medicinsk vetenskap som ett team och hj\u00e4lp era patienter att \u00f6verleva natten. Men klockan tickar, och ni b\u00f6r fatta r\u00e4tt beslut f\u00f6r att r\u00e4dda din patient. F\u00f6rpackningen inneh\u00e5ller totalt fyra olika patienter och det tar ca 60 minuter att l\u00f6sa varje mysterium.<\/p>\n<p>Samarbete \u00e4r nyckeln till framg\u00e5ng i detta sp\u00e4nnande spel, och det b\u00e4sta \u00e4r att du inte beh\u00f6ver n\u00e5gra medicinska kunskaper f\u00f6r att spela det h\u00e4r spelet (det \u00e4r naturligtvis en f\u00f6rdel)! Varje spel best\u00e5r av tre steg, som du hittar nedan:<\/p>\n<\/p>\n                    \n                                            <a class=\"button\" href=\"https:\/\/medicalmysteriesgame.com\/sw\/spel\/\">Spel                            <svg width=\"15\" height=\"13\" viewBox=\"0 0 15 13\" fill=\"none\" xmlns=\"http:\/\/www.w3.org\/2000\/svg\">\n                                <path d=\"M7.47656 0.498901C7.73438 0.498901 7.96875 0.686401 8.03906 0.920776L9.89062 8.04578L10.5234 6.70984C10.7344 6.24109 11.2031 5.9364 11.7188 5.9364H14.4375C14.7422 5.9364 15 6.19421 15 6.4989C15 6.82703 14.7422 7.0614 14.4375 7.0614H11.7188C11.6484 7.0614 11.5781 7.10828 11.5547 7.17859L10.2422 9.94421C10.1484 10.1552 9.91406 10.2723 9.67969 10.2489C9.44531 10.2255 9.25781 10.0614 9.1875 9.85046L7.54688 3.54578L5.78906 12.0536C5.74219 12.3114 5.50781 12.4989 5.25 12.4989C4.99219 12.5223 4.75781 12.3583 4.6875 12.1005L3.35156 7.20203C3.32812 7.13171 3.25781 7.0614 3.16406 7.0614H0.5625C0.234375 7.0614 0 6.82703 0 6.4989C0 6.19421 0.234375 5.9364 0.5625 5.9364H3.16406C3.75 5.9364 4.26562 6.33484 4.42969 6.92078L5.15625 9.54578L6.9375 0.967651C6.98438 0.709839 7.21875 0.522339 7.47656 0.498901Z\" fill=\"#FFFFFF\"\/>\n                            <\/svg>\n                        <\/a>\n                    \n                <\/div>\n\n             <\/div> \n\n\n\n    <div class=\"container wp-block-columns\">\n                \n                <div class=\"block column wp-block-column column-text background-blue\">\n\n                                            <h2>Steg 1: Unders\u00f6k<\/h2>\n                    \n                    \n                                            <p><p>Unders\u00f6k patienternas m\u00e4rkliga symtom och g\u00e5 igenom deras sjukdomshistoria f\u00f6r att hitta dolda ledtr\u00e5dar.<\/p>\n<p><img loading=\"lazy\" decoding=\"async\" class=\"alignnone size-medium wp-image-268\" src=\"http:\/\/medicalmys.brancomdev.nl\/us\/wp-content\/uploads\/sites\/12\/2024\/02\/01_MedicalMysteries_image_onderzoek-300x170.png\" alt=\"\" width=\"300\" height=\"170\" srcset=\"https:\/\/medicalmysteriesgame.com\/sw\/wp-content\/uploads\/sites\/12\/2024\/02\/01_MedicalMysteries_image_onderzoek-300x170.png 300w, https:\/\/medicalmysteriesgame.com\/sw\/wp-content\/uploads\/sites\/12\/2024\/02\/01_MedicalMysteries_image_onderzoek-768x435.png 768w, https:\/\/medicalmysteriesgame.com\/sw\/wp-content\/uploads\/sites\/12\/2024\/02\/01_MedicalMysteries_image_onderzoek.png 986w\" sizes=\"auto, (max-width: 300px) 100vw, 300px\" \/><\/p>\n<\/p>\n                    \n                    \n                <\/div>\n\n            \n                <div class=\"block column wp-block-column column-text background-blue\">\n\n                                            <h2>Steg 2: Diagnostisera<\/h2>\n                    \n                    \n                                            <p><p>Arbeta tillsammans f\u00f6r att ta reda p\u00e5 diagnosen. F\u00f6lj ledtr\u00e5dar, g\u00f6r tester, r\u00e5dg\u00f6r med specialister och anv\u00e4nd era instinkter.<\/p>\n<p><img loading=\"lazy\" decoding=\"async\" class=\"alignnone size-medium wp-image-271\" src=\"http:\/\/medicalmys.brancomdev.nl\/us\/wp-content\/uploads\/sites\/12\/2024\/02\/01_MedicalMysteries_image_diagnosticeer-300x170.png\" alt=\"\" width=\"300\" height=\"170\" srcset=\"https:\/\/medicalmysteriesgame.com\/sw\/wp-content\/uploads\/sites\/12\/2024\/02\/01_MedicalMysteries_image_diagnosticeer-300x170.png 300w, https:\/\/medicalmysteriesgame.com\/sw\/wp-content\/uploads\/sites\/12\/2024\/02\/01_MedicalMysteries_image_diagnosticeer-768x435.png 768w, https:\/\/medicalmysteriesgame.com\/sw\/wp-content\/uploads\/sites\/12\/2024\/02\/01_MedicalMysteries_image_diagnosticeer.png 986w\" sizes=\"auto, (max-width: 300px) 100vw, 300px\" \/><\/p>\n<\/p>\n                    \n                    \n                <\/div>\n\n            \n                <div class=\"block column wp-block-column column-text background-blue\">\n\n                                            <h2>Steg 3: Behandla<\/h2>\n                    \n                    \n                                            <p><p>Fatta r\u00e4tt behandlingsbeslut s\u00e5 att dina patienter \u00f6verlever natten. Ta sedan reda p\u00e5 grundorsaken till symtomen.<\/p>\n<p><img loading=\"lazy\" decoding=\"async\" class=\"alignnone size-medium wp-image-274\" src=\"http:\/\/medicalmys.brancomdev.nl\/us\/wp-content\/uploads\/sites\/12\/2024\/02\/01_MedicalMysteries_image_behandel-300x170.png\" alt=\"\" width=\"300\" height=\"170\" srcset=\"https:\/\/medicalmysteriesgame.com\/sw\/wp-content\/uploads\/sites\/12\/2024\/02\/01_MedicalMysteries_image_behandel-300x170.png 300w, https:\/\/medicalmysteriesgame.com\/sw\/wp-content\/uploads\/sites\/12\/2024\/02\/01_MedicalMysteries_image_behandel-768x435.png 768w, https:\/\/medicalmysteriesgame.com\/sw\/wp-content\/uploads\/sites\/12\/2024\/02\/01_MedicalMysteries_image_behandel.png 986w\" sizes=\"auto, (max-width: 300px) 100vw, 300px\" \/><\/p>\n<\/p>\n                    \n                    \n                <\/div>\n\n             <\/div> \n\n    <div class=\"container wp-block-columns\">\n                \n                <div class=\"block column wp-block-column column-image_background column-image_background_1\">\n\n                                            <a class=\"image-link\" href=\"\" style=\"background-image: url('https:\/\/medicalmysteriesgame.com\/sw\/wp-content\/uploads\/sites\/12\/2024\/02\/Ontwerp-zonder-titel-18.png'); background-color: \">\n\n                            \n                        <\/a>\n\n\t\t\t\t\t\t                            <style>\n                                @media only screen and (max-width: 767px) {\n                                    .column-image_background_1 .image-link {\n                                        background-image: url('https:\/\/medicalmysteriesgame.com\/sw\/wp-content\/uploads\/sites\/12\/2024\/02\/Ontwerp-zonder-titel-9.png') !important;\n                                    }\n                                }\n                            <\/style>\n                                                            <\/div>\n\n             <\/div> \n\n","protected":false},"excerpt":{"rendered":"","protected":false},"author":2,"featured_media":0,"parent":0,"menu_order":0,"comment_status":"closed","ping_status":"closed","template":"","meta":{"_acf_changed":false,"footnotes":""},"class_list":["post-137","page","type-page","status-publish","hentry"],"acf":[],"yoast_head":"<!-- This site is optimized with the Yoast SEO plugin v22.5 - https:\/\/yoast.com\/wordpress\/plugins\/seo\/ -->\n<title>Om spelet - Medical Mysteries - SW<\/title>\n<meta name=\"robots\" content=\"index, follow, max-snippet:-1, max-image-preview:large, max-video-preview:-1\" \/>\n<link rel=\"canonical\" href=\"https:\/\/medicalmysteriesgame.com\/sw\/om-spelet\/\" \/>\n<meta property=\"og:locale\" content=\"en_US\" \/>\n<meta property=\"og:type\" content=\"article\" \/>\n<meta property=\"og:title\" content=\"Om spelet - Medical Mysteries - SW\" \/>\n<meta property=\"og:url\" content=\"https:\/\/medicalmysteriesgame.com\/sw\/om-spelet\/\" \/>\n<meta property=\"og:site_name\" content=\"Medical Mysteries - SW\" \/>\n<meta property=\"article:modified_time\" content=\"2024-04-25T17:10:47+00:00\" \/>\n<meta name=\"twitter:card\" content=\"summary_large_image\" \/>\n<meta name=\"twitter:label1\" content=\"Est. reading time\" \/>\n\t<meta name=\"twitter:data1\" content=\"2 minutes\" \/>\n<script type=\"application\/ld+json\" class=\"yoast-schema-graph\">{\"@context\":\"https:\/\/schema.org\",\"@graph\":[{\"@type\":\"WebPage\",\"@id\":\"https:\/\/medicalmysteriesgame.com\/sw\/om-spelet\/\",\"url\":\"https:\/\/medicalmysteriesgame.com\/sw\/om-spelet\/\",\"name\":\"Om spelet - Medical Mysteries - SW\",\"isPartOf\":{\"@id\":\"https:\/\/medicalmysteriesgame.com\/sw\/#website\"},\"datePublished\":\"2024-01-23T09:27:48+00:00\",\"dateModified\":\"2024-04-25T17:10:47+00:00\",\"breadcrumb\":{\"@id\":\"https:\/\/medicalmysteriesgame.com\/sw\/om-spelet\/#breadcrumb\"},\"inLanguage\":\"en-US\",\"potentialAction\":[{\"@type\":\"ReadAction\",\"target\":[\"https:\/\/medicalmysteriesgame.com\/sw\/om-spelet\/\"]}]},{\"@type\":\"BreadcrumbList\",\"@id\":\"https:\/\/medicalmysteriesgame.com\/sw\/om-spelet\/#breadcrumb\",\"itemListElement\":[{\"@type\":\"ListItem\",\"position\":1,\"name\":\"Home\",\"item\":\"https:\/\/medicalmysteriesgame.com\/sw\/\"},{\"@type\":\"ListItem\",\"position\":2,\"name\":\"Om spelet\"}]},{\"@type\":\"WebSite\",\"@id\":\"https:\/\/medicalmysteriesgame.com\/sw\/#website\",\"url\":\"https:\/\/medicalmysteriesgame.com\/sw\/\",\"name\":\"Medical Mysteries - SW\",\"description\":\"Will your patients survive the night?\",\"potentialAction\":[{\"@type\":\"SearchAction\",\"target\":{\"@type\":\"EntryPoint\",\"urlTemplate\":\"https:\/\/medicalmysteriesgame.com\/sw\/?s={search_term_string}\"},\"query-input\":\"required name=search_term_string\"}],\"inLanguage\":\"en-US\"}]}<\/script>\n<!-- \/ Yoast SEO plugin. -->","yoast_head_json":{"title":"Om spelet - Medical Mysteries - SW","robots":{"index":"index","follow":"follow","max-snippet":"max-snippet:-1","max-image-preview":"max-image-preview:large","max-video-preview":"max-video-preview:-1"},"canonical":"https:\/\/medicalmysteriesgame.com\/sw\/om-spelet\/","og_locale":"en_US","og_type":"article","og_title":"Om spelet - Medical Mysteries - SW","og_url":"https:\/\/medicalmysteriesgame.com\/sw\/om-spelet\/","og_site_name":"Medical Mysteries - SW","article_modified_time":"2024-04-25T17:10:47+00:00","twitter_card":"summary_large_image","twitter_misc":{"Est. reading time":"2 minutes"},"schema":{"@context":"https:\/\/schema.org","@graph":[{"@type":"WebPage","@id":"https:\/\/medicalmysteriesgame.com\/sw\/om-spelet\/","url":"https:\/\/medicalmysteriesgame.com\/sw\/om-spelet\/","name":"Om spelet - Medical Mysteries - SW","isPartOf":{"@id":"https:\/\/medicalmysteriesgame.com\/sw\/#website"},"datePublished":"2024-01-23T09:27:48+00:00","dateModified":"2024-04-25T17:10:47+00:00","breadcrumb":{"@id":"https:\/\/medicalmysteriesgame.com\/sw\/om-spelet\/#breadcrumb"},"inLanguage":"en-US","potentialAction":[{"@type":"ReadAction","target":["https:\/\/medicalmysteriesgame.com\/sw\/om-spelet\/"]}]},{"@type":"BreadcrumbList","@id":"https:\/\/medicalmysteriesgame.com\/sw\/om-spelet\/#breadcrumb","itemListElement":[{"@type":"ListItem","position":1,"name":"Home","item":"https:\/\/medicalmysteriesgame.com\/sw\/"},{"@type":"ListItem","position":2,"name":"Om spelet"}]},{"@type":"WebSite","@id":"https:\/\/medicalmysteriesgame.com\/sw\/#website","url":"https:\/\/medicalmysteriesgame.com\/sw\/","name":"Medical Mysteries - SW","description":"Will your patients survive the night?","potentialAction":[{"@type":"SearchAction","target":{"@type":"EntryPoint","urlTemplate":"https:\/\/medicalmysteriesgame.com\/sw\/?s={search_term_string}"},"query-input":"required name=search_term_string"}],"inLanguage":"en-US"}]}},"_links":{"self":[{"href":"https:\/\/medicalmysteriesgame.com\/sw\/wp-json\/wp\/v2\/pages\/137","targetHints":{"allow":["GET"]}}],"collection":[{"href":"https:\/\/medicalmysteriesgame.com\/sw\/wp-json\/wp\/v2\/pages"}],"about":[{"href":"https:\/\/medicalmysteriesgame.com\/sw\/wp-json\/wp\/v2\/types\/page"}],"author":[{"embeddable":true,"href":"https:\/\/medicalmysteriesgame.com\/sw\/wp-json\/wp\/v2\/users\/2"}],"replies":[{"embeddable":true,"href":"https:\/\/medicalmysteriesgame.com\/sw\/wp-json\/wp\/v2\/comments?post=137"}],"version-history":[{"count":70,"href":"https:\/\/medicalmysteriesgame.com\/sw\/wp-json\/wp\/v2\/pages\/137\/revisions"}],"predecessor-version":[{"id":421,"href":"https:\/\/medicalmysteriesgame.com\/sw\/wp-json\/wp\/v2\/pages\/137\/revisions\/421"}],"wp:attachment":[{"href":"https:\/\/medicalmysteriesgame.com\/sw\/wp-json\/wp\/v2\/media?parent=137"}],"curies":[{"name":"wp","href":"https:\/\/api.w.org\/{rel}","templated":true}]}}