{"id":14,"date":"2024-01-02T15:27:27","date_gmt":"2024-01-02T15:27:27","guid":{"rendered":"http:\/\/medicalmysteries.test\/?page_id=14"},"modified":"2024-04-25T17:10:14","modified_gmt":"2024-04-25T17:10:14","slug":"kontakt","status":"publish","type":"page","link":"https:\/\/medicalmysteriesgame.com\/sw\/kontakt\/","title":{"rendered":"Kontakt"},"content":{"rendered":"\n<section class=\"block block-hero has-light-bg\">\n    <div class=\"container\">\n\n        <div class=\"content\">\n            <img decoding=\"async\" src=\"https:\/\/medicalmysteriesgame.com\/sw\/wp-content\/uploads\/sites\/12\/2024\/04\/MM_SE_banneri_1024x376.jpg\">\n        <\/div>\n\n    <\/div>\n<\/section>\n\n\n    <div class=\"container wp-block-columns\">\n                \n                <div class=\"block column wp-block-column column-text background-blue\">\n\n                                            <h2>Har du fr\u00e5gor?<\/h2>\n                    \n                    \n                                            <p><p>Vid fr\u00e5gor g\u00e4llande produkten, v\u00e4nligen kontakta leverant\u00f6ren <a href=\"mailto:info@toyrock.fi\">info@toyrock.fi<\/a>.<\/p>\n<\/p>\n                    \n                    \n                <\/div>\n\n            \n                <div class=\"block column wp-block-column column-text background-blue\">\n\n                                            <h2>Reklamation?<\/h2>\n                    \n                    \n                                            <p><p>Trots noggrann kvalitetskontroll, \u00e4r det ibland m\u00f6jligt att en defekt eller bristf\u00e4llig produkt tar sig fr\u00e5n fabriken till butiken. Om du har k\u00f6pt en defekt produkt eller uppt\u00e4cker ett fel, v\u00e4nligen kontakta platsen d\u00e4r du k\u00f6pte produkten.<\/p>\n<\/p>\n                    \n                    \n                <\/div>\n\n             <\/div> \n\n\n\n    <div class=\"container wp-block-columns\">\n                \n                <div class=\"block column wp-block-column column-image_background column-image_background_1\">\n\n                                            <a class=\"image-link\" href=\"\" style=\"background-image: url('https:\/\/medicalmysteriesgame.com\/sw\/wp-content\/uploads\/sites\/12\/2024\/02\/Ontwerp-zonder-titel-16.png'); background-color: \">\n\n                            \n                        <\/a>\n\n\t\t\t\t\t\t                            <style>\n                                @media only screen and (max-width: 767px) {\n                                    .column-image_background_1 .image-link {\n                                        background-image: url('https:\/\/medicalmysteriesgame.com\/sw\/wp-content\/uploads\/sites\/12\/2024\/02\/Ontwerp-zonder-titel-12-min.png') !important;\n                                    }\n                                }\n                            <\/style>\n                                                            <\/div>\n\n             <\/div> ","protected":false},"excerpt":{"rendered":"","protected":false},"author":1,"featured_media":0,"parent":0,"menu_order":0,"comment_status":"closed","ping_status":"closed","template":"","meta":{"_acf_changed":false,"footnotes":""},"class_list":["post-14","page","type-page","status-publish","hentry"],"acf":[],"yoast_head":"<!-- This site is optimized with the Yoast SEO plugin v22.5 - https:\/\/yoast.com\/wordpress\/plugins\/seo\/ -->\n<title>Kontakt - Medical Mysteries - SW<\/title>\n<meta name=\"robots\" content=\"index, follow, max-snippet:-1, max-image-preview:large, max-video-preview:-1\" \/>\n<link rel=\"canonical\" href=\"https:\/\/medicalmysteriesgame.com\/sw\/kontakt\/\" \/>\n<meta property=\"og:locale\" content=\"en_US\" \/>\n<meta property=\"og:type\" content=\"article\" \/>\n<meta property=\"og:title\" content=\"Kontakt - Medical Mysteries - SW\" \/>\n<meta property=\"og:url\" content=\"https:\/\/medicalmysteriesgame.com\/sw\/kontakt\/\" \/>\n<meta property=\"og:site_name\" content=\"Medical Mysteries - SW\" \/>\n<meta property=\"article:modified_time\" content=\"2024-04-25T17:10:14+00:00\" \/>\n<meta name=\"twitter:card\" content=\"summary_large_image\" \/>\n<meta name=\"twitter:label1\" content=\"Est. reading time\" \/>\n\t<meta name=\"twitter:data1\" content=\"1 minute\" \/>\n<script type=\"application\/ld+json\" class=\"yoast-schema-graph\">{\"@context\":\"https:\/\/schema.org\",\"@graph\":[{\"@type\":\"WebPage\",\"@id\":\"https:\/\/medicalmysteriesgame.com\/sw\/kontakt\/\",\"url\":\"https:\/\/medicalmysteriesgame.com\/sw\/kontakt\/\",\"name\":\"Kontakt - Medical Mysteries - SW\",\"isPartOf\":{\"@id\":\"https:\/\/medicalmysteriesgame.com\/sw\/#website\"},\"datePublished\":\"2024-01-02T15:27:27+00:00\",\"dateModified\":\"2024-04-25T17:10:14+00:00\",\"breadcrumb\":{\"@id\":\"https:\/\/medicalmysteriesgame.com\/sw\/kontakt\/#breadcrumb\"},\"inLanguage\":\"en-US\",\"potentialAction\":[{\"@type\":\"ReadAction\",\"target\":[\"https:\/\/medicalmysteriesgame.com\/sw\/kontakt\/\"]}]},{\"@type\":\"BreadcrumbList\",\"@id\":\"https:\/\/medicalmysteriesgame.com\/sw\/kontakt\/#breadcrumb\",\"itemListElement\":[{\"@type\":\"ListItem\",\"position\":1,\"name\":\"Home\",\"item\":\"https:\/\/medicalmysteriesgame.com\/sw\/\"},{\"@type\":\"ListItem\",\"position\":2,\"name\":\"Kontakt\"}]},{\"@type\":\"WebSite\",\"@id\":\"https:\/\/medicalmysteriesgame.com\/sw\/#website\",\"url\":\"https:\/\/medicalmysteriesgame.com\/sw\/\",\"name\":\"Medical Mysteries - SW\",\"description\":\"Will your patients survive the night?\",\"potentialAction\":[{\"@type\":\"SearchAction\",\"target\":{\"@type\":\"EntryPoint\",\"urlTemplate\":\"https:\/\/medicalmysteriesgame.com\/sw\/?s={search_term_string}\"},\"query-input\":\"required name=search_term_string\"}],\"inLanguage\":\"en-US\"}]}<\/script>\n<!-- \/ Yoast SEO plugin. -->","yoast_head_json":{"title":"Kontakt - Medical Mysteries - SW","robots":{"index":"index","follow":"follow","max-snippet":"max-snippet:-1","max-image-preview":"max-image-preview:large","max-video-preview":"max-video-preview:-1"},"canonical":"https:\/\/medicalmysteriesgame.com\/sw\/kontakt\/","og_locale":"en_US","og_type":"article","og_title":"Kontakt - Medical Mysteries - SW","og_url":"https:\/\/medicalmysteriesgame.com\/sw\/kontakt\/","og_site_name":"Medical Mysteries - SW","article_modified_time":"2024-04-25T17:10:14+00:00","twitter_card":"summary_large_image","twitter_misc":{"Est. reading time":"1 minute"},"schema":{"@context":"https:\/\/schema.org","@graph":[{"@type":"WebPage","@id":"https:\/\/medicalmysteriesgame.com\/sw\/kontakt\/","url":"https:\/\/medicalmysteriesgame.com\/sw\/kontakt\/","name":"Kontakt - Medical Mysteries - SW","isPartOf":{"@id":"https:\/\/medicalmysteriesgame.com\/sw\/#website"},"datePublished":"2024-01-02T15:27:27+00:00","dateModified":"2024-04-25T17:10:14+00:00","breadcrumb":{"@id":"https:\/\/medicalmysteriesgame.com\/sw\/kontakt\/#breadcrumb"},"inLanguage":"en-US","potentialAction":[{"@type":"ReadAction","target":["https:\/\/medicalmysteriesgame.com\/sw\/kontakt\/"]}]},{"@type":"BreadcrumbList","@id":"https:\/\/medicalmysteriesgame.com\/sw\/kontakt\/#breadcrumb","itemListElement":[{"@type":"ListItem","position":1,"name":"Home","item":"https:\/\/medicalmysteriesgame.com\/sw\/"},{"@type":"ListItem","position":2,"name":"Kontakt"}]},{"@type":"WebSite","@id":"https:\/\/medicalmysteriesgame.com\/sw\/#website","url":"https:\/\/medicalmysteriesgame.com\/sw\/","name":"Medical Mysteries - SW","description":"Will your patients survive the night?","potentialAction":[{"@type":"SearchAction","target":{"@type":"EntryPoint","urlTemplate":"https:\/\/medicalmysteriesgame.com\/sw\/?s={search_term_string}"},"query-input":"required name=search_term_string"}],"inLanguage":"en-US"}]}},"_links":{"self":[{"href":"https:\/\/medicalmysteriesgame.com\/sw\/wp-json\/wp\/v2\/pages\/14","targetHints":{"allow":["GET"]}}],"collection":[{"href":"https:\/\/medicalmysteriesgame.com\/sw\/wp-json\/wp\/v2\/pages"}],"about":[{"href":"https:\/\/medicalmysteriesgame.com\/sw\/wp-json\/wp\/v2\/types\/page"}],"author":[{"embeddable":true,"href":"https:\/\/medicalmysteriesgame.com\/sw\/wp-json\/wp\/v2\/users\/1"}],"replies":[{"embeddable":true,"href":"https:\/\/medicalmysteriesgame.com\/sw\/wp-json\/wp\/v2\/comments?post=14"}],"version-history":[{"count":37,"href":"https:\/\/medicalmysteriesgame.com\/sw\/wp-json\/wp\/v2\/pages\/14\/revisions"}],"predecessor-version":[{"id":420,"href":"https:\/\/medicalmysteriesgame.com\/sw\/wp-json\/wp\/v2\/pages\/14\/revisions\/420"}],"wp:attachment":[{"href":"https:\/\/medicalmysteriesgame.com\/sw\/wp-json\/wp\/v2\/media?parent=14"}],"curies":[{"name":"wp","href":"https:\/\/api.w.org\/{rel}","templated":true}]}}