{"id":72,"date":"2024-01-04T15:38:16","date_gmt":"2024-01-04T15:38:16","guid":{"rendered":"http:\/\/medicalmysteries.test\/?page_id=72"},"modified":"2024-04-25T17:09:34","modified_gmt":"2024-04-25T17:09:34","slug":"aterforsaljare","status":"publish","type":"page","link":"https:\/\/medicalmysteriesgame.com\/sw\/aterforsaljare\/","title":{"rendered":"\u00c5terf\u00f6rs\u00e4ljare"},"content":{"rendered":"\n<section class=\"block block-hero has-light-bg\">\n    <div class=\"container\">\n\n        <div class=\"content\">\n            <img decoding=\"async\" src=\"https:\/\/medicalmysteriesgame.com\/sw\/wp-content\/uploads\/sites\/12\/2024\/04\/MM_SE_banneri_1024x376.jpg\">\n        <\/div>\n\n    <\/div>\n<\/section>\n\n\n\n\n    <div class=\"container wp-block-columns\">\n                \n                <div class=\"block column wp-block-column column-text background-black\">\n\n                                            <h2>\u00c5terf\u00f6rs\u00e4ljare<\/h2>\n                    \n                                            <h3>Medical Mysteries -spel i Sverige<\/h3>\n                    \n                                            <p><p>Spelet Medical Mysteries importeras och marknadsf\u00f6rs i Sverige av Toyrock Ab. Spelet finns tillg\u00e4ngligt i leksaksaff\u00e4rer och n\u00e4tbutiker samt \u00f6vriga butiker som s\u00e4ljer leksaker och spel. Se \u00e5terf\u00f6rs\u00e4ljarna p\u00e5 <a href=\"http:\/\/www.toyrock.se\">toyrock.se<\/a>.<\/p>\n<p>&nbsp;<\/p>\n<\/p>\n                    \n                    \n                <\/div>\n\n             <\/div> \n\n    <div class=\"container wp-block-columns\">\n                \n                <div class=\"block column wp-block-column column-image_background column-image_background_1\">\n\n                                            <a class=\"image-link\" href=\"\" style=\"background-image: url('https:\/\/medicalmysteriesgame.com\/sw\/wp-content\/uploads\/sites\/12\/2024\/02\/Ontwerp-zonder-titel-17.png'); background-color: \">\n\n                            \n                        <\/a>\n\n\t\t\t\t\t\t                            <style>\n                                @media only screen and (max-width: 767px) {\n                                    .column-image_background_1 .image-link {\n                                        background-image: url('https:\/\/medicalmysteriesgame.com\/sw\/wp-content\/uploads\/sites\/12\/2024\/02\/Ontwerp-zonder-titel-11-min.png') !important;\n                                    }\n                                }\n                            <\/style>\n                                                            <\/div>\n\n             <\/div> ","protected":false},"excerpt":{"rendered":"","protected":false},"author":1,"featured_media":0,"parent":0,"menu_order":0,"comment_status":"closed","ping_status":"closed","template":"","meta":{"_acf_changed":false,"footnotes":""},"class_list":["post-72","page","type-page","status-publish","hentry"],"acf":[],"yoast_head":"<!-- This site is optimized with the Yoast SEO plugin v22.5 - https:\/\/yoast.com\/wordpress\/plugins\/seo\/ -->\n<title>\u00c5terf\u00f6rs\u00e4ljare - Medical Mysteries - SW<\/title>\n<meta name=\"robots\" content=\"index, follow, max-snippet:-1, max-image-preview:large, max-video-preview:-1\" \/>\n<link rel=\"canonical\" href=\"https:\/\/medicalmysteriesgame.com\/sw\/aterforsaljare\/\" \/>\n<meta property=\"og:locale\" content=\"en_US\" \/>\n<meta property=\"og:type\" content=\"article\" \/>\n<meta property=\"og:title\" content=\"\u00c5terf\u00f6rs\u00e4ljare - Medical Mysteries - SW\" \/>\n<meta property=\"og:url\" content=\"https:\/\/medicalmysteriesgame.com\/sw\/aterforsaljare\/\" \/>\n<meta property=\"og:site_name\" content=\"Medical Mysteries - SW\" \/>\n<meta property=\"article:modified_time\" content=\"2024-04-25T17:09:34+00:00\" \/>\n<meta name=\"twitter:card\" content=\"summary_large_image\" \/>\n<meta name=\"twitter:label1\" content=\"Est. reading time\" \/>\n\t<meta name=\"twitter:data1\" content=\"1 minute\" \/>\n<script type=\"application\/ld+json\" class=\"yoast-schema-graph\">{\"@context\":\"https:\/\/schema.org\",\"@graph\":[{\"@type\":\"WebPage\",\"@id\":\"https:\/\/medicalmysteriesgame.com\/sw\/aterforsaljare\/\",\"url\":\"https:\/\/medicalmysteriesgame.com\/sw\/aterforsaljare\/\",\"name\":\"\u00c5terf\u00f6rs\u00e4ljare - Medical Mysteries - SW\",\"isPartOf\":{\"@id\":\"https:\/\/medicalmysteriesgame.com\/sw\/#website\"},\"datePublished\":\"2024-01-04T15:38:16+00:00\",\"dateModified\":\"2024-04-25T17:09:34+00:00\",\"breadcrumb\":{\"@id\":\"https:\/\/medicalmysteriesgame.com\/sw\/aterforsaljare\/#breadcrumb\"},\"inLanguage\":\"en-US\",\"potentialAction\":[{\"@type\":\"ReadAction\",\"target\":[\"https:\/\/medicalmysteriesgame.com\/sw\/aterforsaljare\/\"]}]},{\"@type\":\"BreadcrumbList\",\"@id\":\"https:\/\/medicalmysteriesgame.com\/sw\/aterforsaljare\/#breadcrumb\",\"itemListElement\":[{\"@type\":\"ListItem\",\"position\":1,\"name\":\"Home\",\"item\":\"https:\/\/medicalmysteriesgame.com\/sw\/\"},{\"@type\":\"ListItem\",\"position\":2,\"name\":\"\u00c5terf\u00f6rs\u00e4ljare\"}]},{\"@type\":\"WebSite\",\"@id\":\"https:\/\/medicalmysteriesgame.com\/sw\/#website\",\"url\":\"https:\/\/medicalmysteriesgame.com\/sw\/\",\"name\":\"Medical Mysteries - SW\",\"description\":\"Will your patients survive the night?\",\"potentialAction\":[{\"@type\":\"SearchAction\",\"target\":{\"@type\":\"EntryPoint\",\"urlTemplate\":\"https:\/\/medicalmysteriesgame.com\/sw\/?s={search_term_string}\"},\"query-input\":\"required name=search_term_string\"}],\"inLanguage\":\"en-US\"}]}<\/script>\n<!-- \/ Yoast SEO plugin. -->","yoast_head_json":{"title":"\u00c5terf\u00f6rs\u00e4ljare - Medical Mysteries - SW","robots":{"index":"index","follow":"follow","max-snippet":"max-snippet:-1","max-image-preview":"max-image-preview:large","max-video-preview":"max-video-preview:-1"},"canonical":"https:\/\/medicalmysteriesgame.com\/sw\/aterforsaljare\/","og_locale":"en_US","og_type":"article","og_title":"\u00c5terf\u00f6rs\u00e4ljare - Medical Mysteries - SW","og_url":"https:\/\/medicalmysteriesgame.com\/sw\/aterforsaljare\/","og_site_name":"Medical Mysteries - SW","article_modified_time":"2024-04-25T17:09:34+00:00","twitter_card":"summary_large_image","twitter_misc":{"Est. reading time":"1 minute"},"schema":{"@context":"https:\/\/schema.org","@graph":[{"@type":"WebPage","@id":"https:\/\/medicalmysteriesgame.com\/sw\/aterforsaljare\/","url":"https:\/\/medicalmysteriesgame.com\/sw\/aterforsaljare\/","name":"\u00c5terf\u00f6rs\u00e4ljare - Medical Mysteries - SW","isPartOf":{"@id":"https:\/\/medicalmysteriesgame.com\/sw\/#website"},"datePublished":"2024-01-04T15:38:16+00:00","dateModified":"2024-04-25T17:09:34+00:00","breadcrumb":{"@id":"https:\/\/medicalmysteriesgame.com\/sw\/aterforsaljare\/#breadcrumb"},"inLanguage":"en-US","potentialAction":[{"@type":"ReadAction","target":["https:\/\/medicalmysteriesgame.com\/sw\/aterforsaljare\/"]}]},{"@type":"BreadcrumbList","@id":"https:\/\/medicalmysteriesgame.com\/sw\/aterforsaljare\/#breadcrumb","itemListElement":[{"@type":"ListItem","position":1,"name":"Home","item":"https:\/\/medicalmysteriesgame.com\/sw\/"},{"@type":"ListItem","position":2,"name":"\u00c5terf\u00f6rs\u00e4ljare"}]},{"@type":"WebSite","@id":"https:\/\/medicalmysteriesgame.com\/sw\/#website","url":"https:\/\/medicalmysteriesgame.com\/sw\/","name":"Medical Mysteries - SW","description":"Will your patients survive the night?","potentialAction":[{"@type":"SearchAction","target":{"@type":"EntryPoint","urlTemplate":"https:\/\/medicalmysteriesgame.com\/sw\/?s={search_term_string}"},"query-input":"required name=search_term_string"}],"inLanguage":"en-US"}]}},"_links":{"self":[{"href":"https:\/\/medicalmysteriesgame.com\/sw\/wp-json\/wp\/v2\/pages\/72","targetHints":{"allow":["GET"]}}],"collection":[{"href":"https:\/\/medicalmysteriesgame.com\/sw\/wp-json\/wp\/v2\/pages"}],"about":[{"href":"https:\/\/medicalmysteriesgame.com\/sw\/wp-json\/wp\/v2\/types\/page"}],"author":[{"embeddable":true,"href":"https:\/\/medicalmysteriesgame.com\/sw\/wp-json\/wp\/v2\/users\/1"}],"replies":[{"embeddable":true,"href":"https:\/\/medicalmysteriesgame.com\/sw\/wp-json\/wp\/v2\/comments?post=72"}],"version-history":[{"count":28,"href":"https:\/\/medicalmysteriesgame.com\/sw\/wp-json\/wp\/v2\/pages\/72\/revisions"}],"predecessor-version":[{"id":419,"href":"https:\/\/medicalmysteriesgame.com\/sw\/wp-json\/wp\/v2\/pages\/72\/revisions\/419"}],"wp:attachment":[{"href":"https:\/\/medicalmysteriesgame.com\/sw\/wp-json\/wp\/v2\/media?parent=72"}],"curies":[{"name":"wp","href":"https:\/\/api.w.org\/{rel}","templated":true}]}}